{"id":100,"date":"2025-09-26T07:23:55","date_gmt":"2025-09-26T07:23:55","guid":{"rendered":"https:\/\/iimbet889.com\/?page_id=100"},"modified":"2025-09-26T07:25:23","modified_gmt":"2025-09-26T07:25:23","slug":"%e0%b8%9a%e0%b8%97%e0%b8%84%e0%b8%a7%e0%b8%b2%e0%b8%a1","status":"publish","type":"page","link":"https:\/\/iimbet889.com\/?page_id=100","title":{"rendered":"\u0e1a\u0e17\u0e04\u0e27\u0e32\u0e21"},"content":{"rendered":"\t\t<div data-elementor-type=\"wp-page\" data-elementor-id=\"100\" class=\"elementor elementor-100\" data-elementor-post-type=\"page\">\n\t\t\t\t<div class=\"elementor-element elementor-element-448f990 e-flex e-con-boxed e-con e-parent\" data-id=\"448f990\" data-element_type=\"container\">\n\t\t\t\t\t<div class=\"e-con-inner\">\n\t\t\t\t<div class=\"elementor-element elementor-element-a5435b2 elementor-grid-3 elementor-grid-tablet-2 elementor-grid-mobile-1 elementor-posts--thumbnail-top elementor-posts--show-avatar elementor-card-shadow-yes elementor-posts__hover-gradient elementor-widget elementor-widget-posts\" data-id=\"a5435b2\" data-element_type=\"widget\" data-settings=\"{&quot;cards_columns&quot;:&quot;3&quot;,&quot;cards_columns_tablet&quot;:&quot;2&quot;,&quot;cards_columns_mobile&quot;:&quot;1&quot;,&quot;cards_row_gap&quot;:{&quot;unit&quot;:&quot;px&quot;,&quot;size&quot;:35,&quot;sizes&quot;:[]},&quot;cards_row_gap_tablet&quot;:{&quot;unit&quot;:&quot;px&quot;,&quot;size&quot;:&quot;&quot;,&quot;sizes&quot;:[]},&quot;cards_row_gap_mobile&quot;:{&quot;unit&quot;:&quot;px&quot;,&quot;size&quot;:&quot;&quot;,&quot;sizes&quot;:[]}}\" data-widget_type=\"posts.cards\">\n\t\t\t\t<div class=\"elementor-widget-container\">\n\t\t\t\t\t\t\t<div class=\"elementor-posts-container elementor-posts elementor-posts--skin-cards elementor-grid\" role=\"list\">\n\t\t\t\t<article class=\"elementor-post elementor-grid-item post-167 post type-post status-publish format-standard has-post-thumbnail hentry category-uncategorized\" role=\"listitem\">\n\t\t\t<div class=\"elementor-post__card\">\n\t\t\t\t<a class=\"elementor-post__thumbnail__link\" href=\"https:\/\/iimbet889.com\/?p=167\" tabindex=\"-1\" ><div class=\"elementor-post__thumbnail\"><img fetchpriority=\"high\" decoding=\"async\" width=\"1040\" height=\"538\" src=\"https:\/\/iimbet889.com\/wp-content\/uploads\/2025\/10\/4-100.jpg\" class=\"attachment-full size-full wp-image-175\" alt=\"\" srcset=\"https:\/\/iimbet889.com\/wp-content\/uploads\/2025\/10\/4-100.jpg 1040w, https:\/\/iimbet889.com\/wp-content\/uploads\/2025\/10\/4-100-300x155.jpg 300w, https:\/\/iimbet889.com\/wp-content\/uploads\/2025\/10\/4-100-1024x530.jpg 1024w, https:\/\/iimbet889.com\/wp-content\/uploads\/2025\/10\/4-100-768x397.jpg 768w\" sizes=\"(max-width: 1040px) 100vw, 1040px\" \/><\/div><\/a>\n\t\t\t\t<div class=\"elementor-post__badge\">Uncategorized<\/div>\n\t\t\t\t<div class=\"elementor-post__avatar\">\n\t\t\t<img alt='myadmin' src='https:\/\/secure.gravatar.com\/avatar\/f896f3e408e18afe3986e8782cefc66f95ff65f60fc87789812bf0e6fbed42c5?s=128&#038;d=mm&#038;r=g' srcset='https:\/\/secure.gravatar.com\/avatar\/f896f3e408e18afe3986e8782cefc66f95ff65f60fc87789812bf0e6fbed42c5?s=256&#038;d=mm&#038;r=g 2x' class='avatar avatar-128 photo' height='128' width='128' \/>\t\t<\/div>\n\t\t\t\t<div class=\"elementor-post__text\">\n\t\t\t\t<h3 class=\"elementor-post__title\">\n\t\t\t<a href=\"https:\/\/iimbet889.com\/?p=167\" >\n\t\t\t\t\u0e41\u0e08\u0e01\u0e08\u0e23\u0e34\u0e07\u0e44\u0e21\u0e48\u0e2d\u0e31\u0e49\u0e19! \u0e0a\u0e27\u0e19\u0e40\u0e1e\u0e37\u0e48\u0e2d\u0e19\u0e27\u0e31\u0e19\u0e19\u0e35\u0e49 \u0e23\u0e31\u0e1a\u0e40\u0e25\u0e22 100 \u0e1a\u0e32\u0e17\t\t\t<\/a>\n\t\t<\/h3>\n\t\t\n\t\t<a class=\"elementor-post__read-more\" href=\"https:\/\/iimbet889.com\/?p=167\" aria-label=\"Read more about \u0e41\u0e08\u0e01\u0e08\u0e23\u0e34\u0e07\u0e44\u0e21\u0e48\u0e2d\u0e31\u0e49\u0e19! \u0e0a\u0e27\u0e19\u0e40\u0e1e\u0e37\u0e48\u0e2d\u0e19\u0e27\u0e31\u0e19\u0e19\u0e35\u0e49 \u0e23\u0e31\u0e1a\u0e40\u0e25\u0e22 100 \u0e1a\u0e32\u0e17\" tabindex=\"-1\" >\n\t\t\tRead More \u00bb\t\t<\/a>\n\n\t\t\t\t<\/div>\n\t\t\t\t<div class=\"elementor-post__meta-data\">\n\t\t\t\t\t<span class=\"elementor-post-date\">\n\t\t\tOctober 12, 2025\t\t<\/span>\n\t\t\t\t<\/div>\n\t\t\t\t\t<\/div>\n\t\t<\/article>\n\t\t\t\t<article class=\"elementor-post elementor-grid-item post-165 post type-post status-publish format-standard hentry category-uncategorized\" role=\"listitem\">\n\t\t\t<div class=\"elementor-post__card\">\n\t\t\t\t<div class=\"elementor-post__text\">\n\t\t\t\t<h3 class=\"elementor-post__title\">\n\t\t\t<a href=\"https:\/\/iimbet889.com\/?p=165\" >\n\t\t\t\tFenikss.lv online kazino: K\u0101das ir jaun\u0101k\u0101s tendences un funkcijas\t\t\t<\/a>\n\t\t<\/h3>\n\t\t\n\t\t<a class=\"elementor-post__read-more\" href=\"https:\/\/iimbet889.com\/?p=165\" aria-label=\"Read more about Fenikss.lv online kazino: K\u0101das ir jaun\u0101k\u0101s tendences un funkcijas\" tabindex=\"-1\" >\n\t\t\tRead More \u00bb\t\t<\/a>\n\n\t\t\t\t<\/div>\n\t\t\t\t<div class=\"elementor-post__meta-data\">\n\t\t\t\t\t<span class=\"elementor-post-date\">\n\t\t\tOctober 10, 2025\t\t<\/span>\n\t\t\t\t<\/div>\n\t\t\t\t\t<\/div>\n\t\t<\/article>\n\t\t\t\t<article class=\"elementor-post elementor-grid-item post-141 post type-post status-publish format-standard has-post-thumbnail hentry category-uncategorized\" role=\"listitem\">\n\t\t\t<div class=\"elementor-post__card\">\n\t\t\t\t<a class=\"elementor-post__thumbnail__link\" href=\"https:\/\/iimbet889.com\/?p=141\" tabindex=\"-1\" ><div class=\"elementor-post__thumbnail\"><img decoding=\"async\" width=\"1040\" height=\"538\" src=\"https:\/\/iimbet889.com\/wp-content\/uploads\/2025\/09\/6-71.jpg\" class=\"attachment-full size-full wp-image-160\" alt=\"\" srcset=\"https:\/\/iimbet889.com\/wp-content\/uploads\/2025\/09\/6-71.jpg 1040w, https:\/\/iimbet889.com\/wp-content\/uploads\/2025\/09\/6-71-300x155.jpg 300w, https:\/\/iimbet889.com\/wp-content\/uploads\/2025\/09\/6-71-1024x530.jpg 1024w, https:\/\/iimbet889.com\/wp-content\/uploads\/2025\/09\/6-71-768x397.jpg 768w\" sizes=\"(max-width: 1040px) 100vw, 1040px\" \/><\/div><\/a>\n\t\t\t\t<div class=\"elementor-post__badge\">Uncategorized<\/div>\n\t\t\t\t<div class=\"elementor-post__avatar\">\n\t\t\t<img alt='myadmin' src='https:\/\/secure.gravatar.com\/avatar\/f896f3e408e18afe3986e8782cefc66f95ff65f60fc87789812bf0e6fbed42c5?s=128&#038;d=mm&#038;r=g' srcset='https:\/\/secure.gravatar.com\/avatar\/f896f3e408e18afe3986e8782cefc66f95ff65f60fc87789812bf0e6fbed42c5?s=256&#038;d=mm&#038;r=g 2x' class='avatar avatar-128 photo' height='128' width='128' \/>\t\t<\/div>\n\t\t\t\t<div class=\"elementor-post__text\">\n\t\t\t\t<h3 class=\"elementor-post__title\">\n\t\t\t<a href=\"https:\/\/iimbet889.com\/?p=141\" >\n\t\t\t\t\u0e1d\u0e32\u0e01\u0e41\u0e23\u0e01\u0e02\u0e2d\u0e07\u0e27\u0e31\u0e19 \u0e23\u0e31\u0e1a \u0e42\u0e1a\u0e19\u0e31\u0e2a\u0e1f\u0e23\u0e35 100% \u0e40\u0e15\u0e34\u0e21\u0e40\u0e17\u0e48\u0e32\u0e44\u0e2b\u0e23\u0e48\u0e01\u0e47\u0e23\u0e31\u0e1a\u0e40\u0e1e\u0e34\u0e48\u0e21\u0e17\u0e31\u0e19\u0e17\u0e35! \ud83c\udf89\t\t\t<\/a>\n\t\t<\/h3>\n\t\t\n\t\t<a class=\"elementor-post__read-more\" href=\"https:\/\/iimbet889.com\/?p=141\" aria-label=\"Read more about \u0e1d\u0e32\u0e01\u0e41\u0e23\u0e01\u0e02\u0e2d\u0e07\u0e27\u0e31\u0e19 \u0e23\u0e31\u0e1a \u0e42\u0e1a\u0e19\u0e31\u0e2a\u0e1f\u0e23\u0e35 100% \u0e40\u0e15\u0e34\u0e21\u0e40\u0e17\u0e48\u0e32\u0e44\u0e2b\u0e23\u0e48\u0e01\u0e47\u0e23\u0e31\u0e1a\u0e40\u0e1e\u0e34\u0e48\u0e21\u0e17\u0e31\u0e19\u0e17\u0e35! \ud83c\udf89\" tabindex=\"-1\" >\n\t\t\tRead More \u00bb\t\t<\/a>\n\n\t\t\t\t<\/div>\n\t\t\t\t<div class=\"elementor-post__meta-data\">\n\t\t\t\t\t<span class=\"elementor-post-date\">\n\t\t\tSeptember 30, 2025\t\t<\/span>\n\t\t\t\t<\/div>\n\t\t\t\t\t<\/div>\n\t\t<\/article>\n\t\t\t\t<article class=\"elementor-post elementor-grid-item post-112 post type-post status-publish format-standard has-post-thumbnail hentry category-uncategorized\" role=\"listitem\">\n\t\t\t<div class=\"elementor-post__card\">\n\t\t\t\t<a class=\"elementor-post__thumbnail__link\" href=\"https:\/\/iimbet889.com\/?p=112\" tabindex=\"-1\" ><div class=\"elementor-post__thumbnail\"><img decoding=\"async\" width=\"1040\" height=\"538\" src=\"https:\/\/iimbet889.com\/wp-content\/uploads\/2025\/09\/5-68.jpg\" class=\"attachment-full size-full wp-image-133\" alt=\"\" srcset=\"https:\/\/iimbet889.com\/wp-content\/uploads\/2025\/09\/5-68.jpg 1040w, https:\/\/iimbet889.com\/wp-content\/uploads\/2025\/09\/5-68-300x155.jpg 300w, https:\/\/iimbet889.com\/wp-content\/uploads\/2025\/09\/5-68-1024x530.jpg 1024w, https:\/\/iimbet889.com\/wp-content\/uploads\/2025\/09\/5-68-768x397.jpg 768w\" sizes=\"(max-width: 1040px) 100vw, 1040px\" \/><\/div><\/a>\n\t\t\t\t<div class=\"elementor-post__badge\">Uncategorized<\/div>\n\t\t\t\t<div class=\"elementor-post__avatar\">\n\t\t\t<img alt='myadmin' src='https:\/\/secure.gravatar.com\/avatar\/f896f3e408e18afe3986e8782cefc66f95ff65f60fc87789812bf0e6fbed42c5?s=128&#038;d=mm&#038;r=g' srcset='https:\/\/secure.gravatar.com\/avatar\/f896f3e408e18afe3986e8782cefc66f95ff65f60fc87789812bf0e6fbed42c5?s=256&#038;d=mm&#038;r=g 2x' class='avatar avatar-128 photo' height='128' width='128' \/>\t\t<\/div>\n\t\t\t\t<div class=\"elementor-post__text\">\n\t\t\t\t<h3 class=\"elementor-post__title\">\n\t\t\t<a href=\"https:\/\/iimbet889.com\/?p=112\" >\n\t\t\t\t\u0e1d\u0e32\u0e01\u0e01\u0e48\u0e2d\u0e19\u0e23\u0e27\u0e22\u0e01\u0e48\u0e2d\u0e19 \u0e42\u0e1a\u0e19\u0e31\u0e2a\u0e41\u0e23\u0e01\u0e02\u0e2d\u0e07\u0e27\u0e31\u0e19 \u0e23\u0e31\u0e1a\u0e1f\u0e23\u0e35\u0e17\u0e31\u0e19\u0e17\u0e35! \ud83c\udf81\t\t\t<\/a>\n\t\t<\/h3>\n\t\t\n\t\t<a class=\"elementor-post__read-more\" href=\"https:\/\/iimbet889.com\/?p=112\" aria-label=\"Read more about \u0e1d\u0e32\u0e01\u0e01\u0e48\u0e2d\u0e19\u0e23\u0e27\u0e22\u0e01\u0e48\u0e2d\u0e19 \u0e42\u0e1a\u0e19\u0e31\u0e2a\u0e41\u0e23\u0e01\u0e02\u0e2d\u0e07\u0e27\u0e31\u0e19 \u0e23\u0e31\u0e1a\u0e1f\u0e23\u0e35\u0e17\u0e31\u0e19\u0e17\u0e35! \ud83c\udf81\" tabindex=\"-1\" >\n\t\t\tRead More \u00bb\t\t<\/a>\n\n\t\t\t\t<\/div>\n\t\t\t\t<div class=\"elementor-post__meta-data\">\n\t\t\t\t\t<span class=\"elementor-post-date\">\n\t\t\tSeptember 26, 2025\t\t<\/span>\n\t\t\t\t<\/div>\n\t\t\t\t\t<\/div>\n\t\t<\/article>\n\t\t\t\t<\/div>\n\t\t\n\t\t\t\t\t\t<\/div>\n\t\t\t\t<\/div>\n\t\t\t\t\t<\/div>\n\t\t\t\t<\/div>\n\t\t\t\t<\/div>\n\t\t","protected":false},"excerpt":{"rendered":"","protected":false},"author":1,"featured_media":0,"parent":0,"menu_order":0,"comment_status":"closed","ping_status":"closed","template":"","meta":{"footnotes":""},"class_list":["post-100","page","type-page","status-publish","hentry"],"yoast_head":"<!-- This site is optimized with the Yoast SEO plugin v26.4 - https:\/\/yoast.com\/wordpress\/plugins\/seo\/ -->\n<title>\u0e1a\u0e17\u0e04\u0e27\u0e32\u0e21 - imbet889<\/title>\n<meta name=\"robots\" content=\"index, follow, max-snippet:-1, max-image-preview:large, max-video-preview:-1\" \/>\n<link rel=\"canonical\" href=\"https:\/\/iimbet889.com\/?page_id=100\" \/>\n<meta property=\"og:locale\" content=\"en_US\" \/>\n<meta property=\"og:type\" content=\"article\" \/>\n<meta property=\"og:title\" content=\"\u0e1a\u0e17\u0e04\u0e27\u0e32\u0e21 - imbet889\" \/>\n<meta property=\"og:url\" content=\"https:\/\/iimbet889.com\/?page_id=100\" \/>\n<meta property=\"og:site_name\" content=\"imbet889\" \/>\n<meta property=\"article:modified_time\" content=\"2025-09-26T07:25:23+00:00\" \/>\n<meta name=\"twitter:card\" content=\"summary_large_image\" \/>\n<meta name=\"twitter:label1\" content=\"Est. reading time\" \/>\n\t<meta name=\"twitter:data1\" content=\"1 minute\" \/>\n<script type=\"application\/ld+json\" class=\"yoast-schema-graph\">{\"@context\":\"https:\/\/schema.org\",\"@graph\":[{\"@type\":\"WebPage\",\"@id\":\"https:\/\/iimbet889.com\/?page_id=100\",\"url\":\"https:\/\/iimbet889.com\/?page_id=100\",\"name\":\"\u0e1a\u0e17\u0e04\u0e27\u0e32\u0e21 - imbet889\",\"isPartOf\":{\"@id\":\"https:\/\/iimbet889.com\/#website\"},\"datePublished\":\"2025-09-26T07:23:55+00:00\",\"dateModified\":\"2025-09-26T07:25:23+00:00\",\"breadcrumb\":{\"@id\":\"https:\/\/iimbet889.com\/?page_id=100#breadcrumb\"},\"inLanguage\":\"en-US\",\"potentialAction\":[{\"@type\":\"ReadAction\",\"target\":[\"https:\/\/iimbet889.com\/?page_id=100\"]}]},{\"@type\":\"BreadcrumbList\",\"@id\":\"https:\/\/iimbet889.com\/?page_id=100#breadcrumb\",\"itemListElement\":[{\"@type\":\"ListItem\",\"position\":1,\"name\":\"Home\",\"item\":\"https:\/\/iimbet889.com\/\"},{\"@type\":\"ListItem\",\"position\":2,\"name\":\"\u0e1a\u0e17\u0e04\u0e27\u0e32\u0e21\"}]},{\"@type\":\"WebSite\",\"@id\":\"https:\/\/iimbet889.com\/#website\",\"url\":\"https:\/\/iimbet889.com\/\",\"name\":\"imbet889\",\"description\":\"\",\"publisher\":{\"@id\":\"https:\/\/iimbet889.com\/#organization\"},\"potentialAction\":[{\"@type\":\"SearchAction\",\"target\":{\"@type\":\"EntryPoint\",\"urlTemplate\":\"https:\/\/iimbet889.com\/?s={search_term_string}\"},\"query-input\":{\"@type\":\"PropertyValueSpecification\",\"valueRequired\":true,\"valueName\":\"search_term_string\"}}],\"inLanguage\":\"en-US\"},{\"@type\":\"Organization\",\"@id\":\"https:\/\/iimbet889.com\/#organization\",\"name\":\"imbet889\",\"url\":\"https:\/\/iimbet889.com\/\",\"logo\":{\"@type\":\"ImageObject\",\"inLanguage\":\"en-US\",\"@id\":\"https:\/\/iimbet889.com\/#\/schema\/logo\/image\/\",\"url\":\"https:\/\/iimbet889.com\/wp-content\/uploads\/2025\/09\/cropped-123.png\",\"contentUrl\":\"https:\/\/iimbet889.com\/wp-content\/uploads\/2025\/09\/cropped-123.png\",\"width\":250,\"height\":125,\"caption\":\"imbet889\"},\"image\":{\"@id\":\"https:\/\/iimbet889.com\/#\/schema\/logo\/image\/\"}}]}<\/script>\n<!-- \/ Yoast SEO plugin. -->","yoast_head_json":{"title":"\u0e1a\u0e17\u0e04\u0e27\u0e32\u0e21 - imbet889","robots":{"index":"index","follow":"follow","max-snippet":"max-snippet:-1","max-image-preview":"max-image-preview:large","max-video-preview":"max-video-preview:-1"},"canonical":"https:\/\/iimbet889.com\/?page_id=100","og_locale":"en_US","og_type":"article","og_title":"\u0e1a\u0e17\u0e04\u0e27\u0e32\u0e21 - imbet889","og_url":"https:\/\/iimbet889.com\/?page_id=100","og_site_name":"imbet889","article_modified_time":"2025-09-26T07:25:23+00:00","twitter_card":"summary_large_image","twitter_misc":{"Est. reading time":"1 minute"},"schema":{"@context":"https:\/\/schema.org","@graph":[{"@type":"WebPage","@id":"https:\/\/iimbet889.com\/?page_id=100","url":"https:\/\/iimbet889.com\/?page_id=100","name":"\u0e1a\u0e17\u0e04\u0e27\u0e32\u0e21 - imbet889","isPartOf":{"@id":"https:\/\/iimbet889.com\/#website"},"datePublished":"2025-09-26T07:23:55+00:00","dateModified":"2025-09-26T07:25:23+00:00","breadcrumb":{"@id":"https:\/\/iimbet889.com\/?page_id=100#breadcrumb"},"inLanguage":"en-US","potentialAction":[{"@type":"ReadAction","target":["https:\/\/iimbet889.com\/?page_id=100"]}]},{"@type":"BreadcrumbList","@id":"https:\/\/iimbet889.com\/?page_id=100#breadcrumb","itemListElement":[{"@type":"ListItem","position":1,"name":"Home","item":"https:\/\/iimbet889.com\/"},{"@type":"ListItem","position":2,"name":"\u0e1a\u0e17\u0e04\u0e27\u0e32\u0e21"}]},{"@type":"WebSite","@id":"https:\/\/iimbet889.com\/#website","url":"https:\/\/iimbet889.com\/","name":"imbet889","description":"","publisher":{"@id":"https:\/\/iimbet889.com\/#organization"},"potentialAction":[{"@type":"SearchAction","target":{"@type":"EntryPoint","urlTemplate":"https:\/\/iimbet889.com\/?s={search_term_string}"},"query-input":{"@type":"PropertyValueSpecification","valueRequired":true,"valueName":"search_term_string"}}],"inLanguage":"en-US"},{"@type":"Organization","@id":"https:\/\/iimbet889.com\/#organization","name":"imbet889","url":"https:\/\/iimbet889.com\/","logo":{"@type":"ImageObject","inLanguage":"en-US","@id":"https:\/\/iimbet889.com\/#\/schema\/logo\/image\/","url":"https:\/\/iimbet889.com\/wp-content\/uploads\/2025\/09\/cropped-123.png","contentUrl":"https:\/\/iimbet889.com\/wp-content\/uploads\/2025\/09\/cropped-123.png","width":250,"height":125,"caption":"imbet889"},"image":{"@id":"https:\/\/iimbet889.com\/#\/schema\/logo\/image\/"}}]}},"_links":{"self":[{"href":"https:\/\/iimbet889.com\/index.php?rest_route=\/wp\/v2\/pages\/100","targetHints":{"allow":["GET"]}}],"collection":[{"href":"https:\/\/iimbet889.com\/index.php?rest_route=\/wp\/v2\/pages"}],"about":[{"href":"https:\/\/iimbet889.com\/index.php?rest_route=\/wp\/v2\/types\/page"}],"author":[{"embeddable":true,"href":"https:\/\/iimbet889.com\/index.php?rest_route=\/wp\/v2\/users\/1"}],"replies":[{"embeddable":true,"href":"https:\/\/iimbet889.com\/index.php?rest_route=%2Fwp%2Fv2%2Fcomments&post=100"}],"version-history":[{"count":5,"href":"https:\/\/iimbet889.com\/index.php?rest_route=\/wp\/v2\/pages\/100\/revisions"}],"predecessor-version":[{"id":110,"href":"https:\/\/iimbet889.com\/index.php?rest_route=\/wp\/v2\/pages\/100\/revisions\/110"}],"wp:attachment":[{"href":"https:\/\/iimbet889.com\/index.php?rest_route=%2Fwp%2Fv2%2Fmedia&parent=100"}],"curies":[{"name":"wp","href":"https:\/\/api.w.org\/{rel}","templated":true}]}}